{"id":211,"date":"2024-05-27T11:22:38","date_gmt":"2024-05-27T15:22:38","guid":{"rendered":"http:\/\/localhost\/christopher_nolan\/?page_id=211"},"modified":"2024-06-02T17:47:34","modified_gmt":"2024-06-02T21:47:34","slug":"filmographie","status":"publish","type":"page","link":"https:\/\/1424725.cpsw-fcsei.com\/synthese\/filmographie\/","title":{"rendered":"Filmographie"},"content":{"rendered":"\n<div class=\"wp-block-cover alignfull\" style=\"margin-top:0;padding-top:10px;padding-right:5vw;padding-bottom:48px;padding-left:5vw\"><span aria-hidden=\"true\" class=\"wp-block-cover__background has-background-dim wp-block-cover__gradient-background has-background-gradient has-gradient-7-gradient-background\"><\/span><img loading=\"lazy\" decoding=\"async\" width=\"2880\" height=\"1800\" class=\"wp-block-cover__image-background wp-image-24\" alt=\"\" src=\"http:\/\/localhost\/christopher_nolan\/wp-content\/uploads\/2024\/05\/590933.jpg\" data-object-fit=\"cover\"\/><div class=\"wp-block-cover__inner-container is-layout-flow wp-block-cover-is-layout-flow\">\n<div class=\"wp-block-group alignwide has-base-color has-text-color has-link-color wp-elements-580623d6549e10525e60f041efd140fd is-content-justification-space-between is-layout-flex wp-container-core-group-is-layout-274a7a27 wp-block-group-is-layout-flex\" style=\"margin-top:0;margin-bottom:0\">\n<div class=\"wp-block-group is-layout-flex wp-container-core-group-is-layout-4aee9145 wp-block-group-is-layout-flex\" style=\"padding-right:var(--wp--preset--spacing--30);padding-left:var(--wp--preset--spacing--30)\"><div class=\"is-style-default wp-block-site-logo\"><a href=\"https:\/\/1424725.cpsw-fcsei.com\/synthese\/\" class=\"custom-logo-link\" rel=\"home\"><img loading=\"lazy\" decoding=\"async\" width=\"60\" height=\"60\" src=\"https:\/\/1424725.cpsw-fcsei.com\/synthese\/wp-content\/uploads\/2024\/05\/vecteezy_pop-corn-food_24090501-1.png\" class=\"custom-logo\" alt=\"Christopher Nolan\" \/><\/a><\/div>\n\n<h1 class=\"has-link-color wp-elements-e24c80986e13ab3d929b38d6b46e3019 wp-block-site-title has-text-color has-white-color has-medium-font-size\"><a href=\"https:\/\/1424725.cpsw-fcsei.com\/synthese\" target=\"_self\" rel=\"home\">Christopher Nolan<\/a><\/h1><\/div>\n\n\n<nav class=\"has-text-color has-custom-couleur-3-color is-responsive items-justified-right wp-block-navigation is-horizontal is-content-justification-right is-layout-flex wp-container-core-navigation-is-layout-7b030631 wp-block-navigation-is-layout-flex\" aria-label=\"Navigation\" \n\t\t data-wp-interactive=\"core\/navigation\" data-wp-context='{\"overlayOpenedBy\":{\"click\":false,\"hover\":false,\"focus\":false},\"type\":\"overlay\",\"roleAttribute\":\"\",\"ariaLabel\":\"Menu\"}'><button aria-haspopup=\"dialog\" aria-label=\"Open menu\" class=\"wp-block-navigation__responsive-container-open\" \n\t\t\t\tdata-wp-on--click=\"actions.openMenuOnClick\"\n\t\t\t\tdata-wp-on--keydown=\"actions.handleMenuKeydown\"\n\t\t\t><svg width=\"24\" height=\"24\" xmlns=\"http:\/\/www.w3.org\/2000\/svg\" viewBox=\"0 0 24 24\" aria-hidden=\"true\" focusable=\"false\"><path d=\"M4 7.5h16v1.5H4z\"><\/path><path d=\"M4 15h16v1.5H4z\"><\/path><\/svg><\/button>\n\t\t\t\t<div class=\"wp-block-navigation__responsive-container\"  id=\"modal-1\" \n\t\t\t\tdata-wp-class--has-modal-open=\"state.isMenuOpen\"\n\t\t\t\tdata-wp-class--is-menu-open=\"state.isMenuOpen\"\n\t\t\t\tdata-wp-watch=\"callbacks.initMenu\"\n\t\t\t\tdata-wp-on--keydown=\"actions.handleMenuKeydown\"\n\t\t\t\tdata-wp-on--focusout=\"actions.handleMenuFocusout\"\n\t\t\t\ttabindex=\"-1\"\n\t\t\t>\n\t\t\t\t\t<div class=\"wp-block-navigation__responsive-close\" tabindex=\"-1\">\n\t\t\t\t\t\t<div class=\"wp-block-navigation__responsive-dialog\" \n\t\t\t\tdata-wp-bind--aria-modal=\"state.ariaModal\"\n\t\t\t\tdata-wp-bind--aria-label=\"state.ariaLabel\"\n\t\t\t\tdata-wp-bind--role=\"state.roleAttribute\"\n\t\t\t>\n\t\t\t\t\t\t\t<button aria-label=\"Close menu\" class=\"wp-block-navigation__responsive-container-close\" \n\t\t\t\tdata-wp-on--click=\"actions.closeMenuOnClick\"\n\t\t\t><svg xmlns=\"http:\/\/www.w3.org\/2000\/svg\" viewBox=\"0 0 24 24\" width=\"24\" height=\"24\" aria-hidden=\"true\" focusable=\"false\"><path d=\"m13.06 12 6.47-6.47-1.06-1.06L12 10.94 5.53 4.47 4.47 5.53 10.94 12l-6.47 6.47 1.06 1.06L12 13.06l6.47 6.47 1.06-1.06L13.06 12Z\"><\/path><\/svg><\/button>\n\t\t\t\t\t\t\t<div class=\"wp-block-navigation__responsive-container-content\" \n\t\t\t\tdata-wp-watch=\"callbacks.focusFirstElement\"\n\t\t\t id=\"modal-1-content\">\n\t\t\t\t\t\t\t\t<ul class=\"wp-block-navigation__container has-text-color has-custom-couleur-3-color is-responsive items-justified-right wp-block-navigation\"><li class=\" wp-block-navigation-item wp-block-navigation-link\"><a class=\"wp-block-navigation-item__content\"  href=\"https:\/\/1424725.cpsw-fcsei.com\/synthese\/\"><span class=\"wp-block-navigation-item__label\">Page d\u2019accueil<\/span><\/a><\/li><li class=\" wp-block-navigation-item is-style-default wp-block-navigation-link\"><a class=\"wp-block-navigation-item__content\"  href=\"https:\/\/1424725.cpsw-fcsei.com\/synthese\/filmographie\/\"><span class=\"wp-block-navigation-item__label\">Filmographie<\/span><\/a><\/li><li class=\" wp-block-navigation-item wp-block-navigation-link\"><a class=\"wp-block-navigation-item__content\"  href=\"https:\/\/1424725.cpsw-fcsei.com\/synthese\/acteurs\/\"><span class=\"wp-block-navigation-item__label\">Acteurs<\/span><\/a><\/li><li class=\" wp-block-navigation-item wp-block-navigation-link\"><a class=\"wp-block-navigation-item__content\"  href=\"https:\/\/1424725.cpsw-fcsei.com\/synthese\/a-propos\/\"><span class=\"wp-block-navigation-item__label\">\u00c0 propos<\/span><\/a><\/li><\/ul>\n\t\t\t\t\t\t\t<\/div>\n\t\t\t\t\t\t<\/div>\n\t\t\t\t\t<\/div>\n\t\t\t\t<\/div><\/nav><\/div>\n\n\n\n<div style=\"height:197px\" aria-hidden=\"true\" class=\"wp-block-spacer\"><\/div>\n\n\n\n<div class=\"wp-block-group is-content-justification-space-between is-layout-flex wp-container-core-group-is-layout-b04426d0 wp-block-group-is-layout-flex\">\n<div class=\"wp-block-group wp-container-content-9cfa9a5a is-layout-flow wp-container-core-group-is-layout-d6743c7d wp-block-group-is-layout-flow\">\n<p class=\"has-text-align-left anim4 has-custom-couleur-3-color has-text-color has-link-color wp-elements-464becc48f3ad7646abc1f66efa7a85a\" style=\"font-size:clamp(65.143px, 4.071rem + ((1vw - 3.2px) * 7.798), 140px);font-style:normal;font-weight:700;letter-spacing:-10px;line-height:0.7;text-transform:uppercase\">Filmographie<\/p>\n\n\n\n<div class=\"wp-block-buttons is-content-justification-left is-layout-flex wp-container-core-buttons-is-layout-0bc89592 wp-block-buttons-is-layout-flex\" style=\"margin-top:var(--wp--preset--spacing--40)\">\n<div class=\"wp-block-button has-custom-width wp-block-button__width-25 has-custom-font-size is-style-outline is-style-outline--2\" style=\"font-size:clamp(0.984rem, 0.984rem + ((1vw - 0.2rem) * 0.86), 1.5rem);\"><a class=\"wp-block-button__link has-custom-couleur-3-color has-text-color has-link-color wp-element-button\" href=\"https:\/\/1424725.cpsw-fcsei.com\/synthese\/acteurs\/\" style=\"border-width:3px\"><strong>Acteurs<\/strong><\/a><\/div>\n\n\n\n<div class=\"wp-block-button has-custom-width wp-block-button__width-25 has-custom-font-size is-style-outline is-style-outline--3\" style=\"font-size:clamp(0.984rem, 0.984rem + ((1vw - 0.2rem) * 0.86), 1.5rem);\"><a class=\"wp-block-button__link has-custom-couleur-3-color has-text-color has-link-color wp-element-button\" href=\"#infolettre\" style=\"border-width:3px\">Infolettre<\/a><\/div>\n<\/div>\n<\/div>\n<\/div>\n\n\n\n<div style=\"height:260px\" aria-hidden=\"true\" class=\"wp-block-spacer\"><\/div>\n<\/div><\/div>\n\n\n\n<div class=\"wp-block-group alignfull has-global-padding is-layout-constrained wp-container-core-group-is-layout-d89aad35 wp-block-group-is-layout-constrained\" style=\"margin-top:0;margin-bottom:0;padding-top:var(--wp--preset--spacing--50);padding-right:var(--wp--preset--spacing--50);padding-bottom:var(--wp--preset--spacing--50);padding-left:var(--wp--preset--spacing--50)\">\n<h2 class=\"wp-block-heading has-text-align-center\">Les films de science-fictions<\/h2>\n\n\n\n<div style=\"margin-top:0;margin-bottom:0;height:var(--wp--preset--spacing--10)\" aria-hidden=\"true\" class=\"wp-block-spacer\"><\/div>\n\n\n\n<div class=\"wp-block-columns alignwide is-layout-flex wp-container-core-columns-is-layout-d0846407 wp-block-columns-is-layout-flex\">\n<div class=\"wp-block-column is-layout-flow wp-block-column-is-layout-flow\" style=\"flex-basis:60%\">\n<div class=\"wp-block-query is-layout-flow wp-block-query-is-layout-flow\"><ul class=\"wp-block-post-template is-layout-flow wp-container-core-post-template-is-layout-ea1fff98 wp-block-post-template-is-layout-flow\"><li class=\"wp-block-post post-140 film type-film status-publish has-post-thumbnail hentry categorie_film-action categorie_film-aventure categorie_film-science_fiction\">\n<figure style=\"aspect-ratio:3\/4;\" class=\"wp-block-post-featured-image\"><a href=\"https:\/\/1424725.cpsw-fcsei.com\/synthese\/film\/inception\/\" target=\"_self\"  ><img loading=\"lazy\" decoding=\"async\" width=\"1600\" height=\"2370\" src=\"https:\/\/1424725.cpsw-fcsei.com\/synthese\/wp-content\/uploads\/2024\/05\/Inception.jpg\" class=\"attachment-post-thumbnail size-post-thumbnail wp-post-image\" alt=\"Inception\" style=\"width:100%;height:100%;object-fit:cover;\" \/><\/a><\/figure>\n\n\n<div style=\"height:var(--wp--preset--spacing--10)\" aria-hidden=\"true\" class=\"wp-block-spacer\"><\/div>\n\n\n\n<div class=\"wp-block-group is-vertical is-nowrap is-layout-flex wp-container-core-group-is-layout-027a86ef wp-block-group-is-layout-flex\"><h3 class=\"wp-block-post-title has-x-large-font-size\"><a href=\"https:\/\/1424725.cpsw-fcsei.com\/synthese\/film\/inception\/\" target=\"_self\" >Inception<\/a><\/h3>\n\n<div class=\"wp-block-post-excerpt\"><p class=\"wp-block-post-excerpt__excerpt\">Dom Cobb est un voleur exp\u00e9riment\u00e9 \u2013 le meilleur qui soit dans l\u2019art p\u00e9rilleux de l\u2019extraction : sa sp\u00e9cialit\u00e9 consiste&hellip; <\/p><\/div>\n\n<div class=\"wp-block-template-part\">\n<div class=\"wp-block-group has-global-padding is-layout-constrained wp-block-group-is-layout-constrained\">\n<div class=\"wp-block-group is-content-justification-left is-layout-flex wp-container-core-group-is-layout-dfe8e91f wp-block-group-is-layout-flex\"><div class=\"has-link-color wp-elements-864d56ec45f784be4f2483f11ede60c1 wp-block-post-date has-text-color has-custom-couleur-4-color\"><time datetime=\"2024-05-27T09:31:26-04:00\"><a href=\"https:\/\/1424725.cpsw-fcsei.com\/synthese\/film\/inception\/\">May 27, 2024<\/a><\/time><\/div>\n\n\n<p class=\"has-custom-couleur-4-color has-text-color\">\u2014<\/p>\n\n\n\n<p class=\"has-custom-couleur-4-color has-text-color has-small-font-size\">by<\/p>\n\n\n<\/div>\n<\/div>\n<\/div><\/div>\n\n<\/li><\/ul><\/div>\n<\/div>\n\n\n\n<div class=\"wp-block-column is-layout-flow wp-block-column-is-layout-flow\" style=\"flex-basis:40%\">\n<div class=\"wp-block-query is-layout-flow wp-block-query-is-layout-flow\"><ul class=\"wp-block-post-template is-layout-flow wp-container-core-post-template-is-layout-6b084be1 wp-block-post-template-is-layout-flow\"><li class=\"wp-block-post post-107 film type-film status-publish has-post-thumbnail hentry categorie_film-aventure categorie_film-drame categorie_film-science_fiction\">\n<figure style=\"aspect-ratio:2\/3;\" class=\"wp-block-post-featured-image\"><a href=\"https:\/\/1424725.cpsw-fcsei.com\/synthese\/film\/interstellar\/\" target=\"_self\"  ><img loading=\"lazy\" decoding=\"async\" width=\"1699\" height=\"2654\" src=\"https:\/\/1424725.cpsw-fcsei.com\/synthese\/wp-content\/uploads\/2024\/05\/peakpx-1-1.jpg\" class=\"attachment-post-thumbnail size-post-thumbnail wp-post-image\" alt=\"Interstellar\" style=\"width:100%;height:100%;object-fit:cover;\" \/><\/a><\/figure>\n\n\n<div style=\"height:5px\" aria-hidden=\"true\" class=\"wp-block-spacer\"><\/div>\n\n\n\n<div class=\"wp-block-group is-vertical is-nowrap is-layout-flex wp-container-core-group-is-layout-9bc6ff26 wp-block-group-is-layout-flex\"><h3 class=\"wp-block-post-title has-large-font-size\"><a href=\"https:\/\/1424725.cpsw-fcsei.com\/synthese\/film\/interstellar\/\" target=\"_self\" >Interstellar<\/a><\/h3>\n\n<div class=\"wp-block-post-excerpt has-small-font-size\"><p class=\"wp-block-post-excerpt__excerpt\">Dans un proche futur, la Terre est devenue hostile pour l&#8217;homme. Les temp\u00eates de sable sont fr\u00e9quentes et il n&#8217;y&hellip; <\/p><\/div>\n\n<div class=\"wp-block-template-part\">\n<div class=\"wp-block-group has-global-padding is-layout-constrained wp-block-group-is-layout-constrained\">\n<div class=\"wp-block-group is-content-justification-left is-layout-flex wp-container-core-group-is-layout-dfe8e91f wp-block-group-is-layout-flex\"><div class=\"has-link-color wp-elements-864d56ec45f784be4f2483f11ede60c1 wp-block-post-date has-text-color has-custom-couleur-4-color\"><time datetime=\"2024-05-24T12:18:15-04:00\"><a href=\"https:\/\/1424725.cpsw-fcsei.com\/synthese\/film\/interstellar\/\">May 24, 2024<\/a><\/time><\/div>\n\n\n<p class=\"has-custom-couleur-4-color has-text-color\">\u2014<\/p>\n\n\n\n<p class=\"has-custom-couleur-4-color has-text-color has-small-font-size\">by<\/p>\n\n\n<\/div>\n<\/div>\n<\/div><\/div>\n\n<\/li><\/ul><\/div>\n<\/div>\n<\/div>\n<\/div>\n\n\n\n<div class=\"wp-block-group alignfull has-global-padding is-layout-constrained wp-container-core-group-is-layout-d89aad35 wp-block-group-is-layout-constrained\" style=\"margin-top:0;margin-bottom:0;padding-top:var(--wp--preset--spacing--50);padding-right:var(--wp--preset--spacing--50);padding-bottom:var(--wp--preset--spacing--50);padding-left:var(--wp--preset--spacing--50)\">\n<h2 class=\"wp-block-heading has-text-align-center\">Les films historiques<\/h2>\n\n\n\n<div style=\"margin-top:0;margin-bottom:0;height:var(--wp--preset--spacing--10)\" aria-hidden=\"true\" class=\"wp-block-spacer\"><\/div>\n\n\n\n<div class=\"wp-block-columns alignwide is-layout-flex wp-container-core-columns-is-layout-d0846407 wp-block-columns-is-layout-flex\">\n<div class=\"wp-block-column is-layout-flow wp-block-column-is-layout-flow\" style=\"flex-basis:60%\">\n<div class=\"wp-block-query is-layout-flow wp-block-query-is-layout-flow\"><ul class=\"wp-block-post-template is-layout-flow wp-container-core-post-template-is-layout-ea1fff98 wp-block-post-template-is-layout-flow\"><li class=\"wp-block-post post-300 film type-film status-publish has-post-thumbnail hentry categorie_film-drame categorie_film-historique\">\n<figure style=\"aspect-ratio:3\/4;\" class=\"wp-block-post-featured-image\"><a href=\"https:\/\/1424725.cpsw-fcsei.com\/synthese\/film\/oppenheimer\/\" target=\"_self\"  ><img loading=\"lazy\" decoding=\"async\" width=\"1920\" height=\"2688\" src=\"https:\/\/1424725.cpsw-fcsei.com\/synthese\/wp-content\/uploads\/2024\/05\/wp12552494-oppenheimer-movie-wallpapers.jpg\" class=\"attachment-post-thumbnail size-post-thumbnail wp-post-image\" alt=\"Oppenheimer\" style=\"width:100%;height:100%;object-fit:cover;\" \/><\/a><\/figure>\n\n\n<div style=\"height:var(--wp--preset--spacing--10)\" aria-hidden=\"true\" class=\"wp-block-spacer\"><\/div>\n\n\n\n<div class=\"wp-block-group is-vertical is-nowrap is-layout-flex wp-container-core-group-is-layout-027a86ef wp-block-group-is-layout-flex\"><h3 class=\"wp-block-post-title has-x-large-font-size\"><a href=\"https:\/\/1424725.cpsw-fcsei.com\/synthese\/film\/oppenheimer\/\" target=\"_self\" >Oppenheimer<\/a><\/h3>\n\n<div class=\"wp-block-post-excerpt\"><p class=\"wp-block-post-excerpt__excerpt\">En 1942, convaincus que l\u2019Allemagne nazie est en train de d\u00e9velopper une arme nucl\u00e9aire, les \u00c9tats-Unis initient, dans le plus&hellip; <\/p><\/div>\n\n<div class=\"wp-block-template-part\">\n<div class=\"wp-block-group has-global-padding is-layout-constrained wp-block-group-is-layout-constrained\">\n<div class=\"wp-block-group is-content-justification-left is-layout-flex wp-container-core-group-is-layout-dfe8e91f wp-block-group-is-layout-flex\"><div class=\"has-link-color wp-elements-864d56ec45f784be4f2483f11ede60c1 wp-block-post-date has-text-color has-custom-couleur-4-color\"><time datetime=\"2024-05-31T09:55:52-04:00\"><a href=\"https:\/\/1424725.cpsw-fcsei.com\/synthese\/film\/oppenheimer\/\">May 31, 2024<\/a><\/time><\/div>\n\n\n<p class=\"has-custom-couleur-4-color has-text-color\">\u2014<\/p>\n\n\n\n<p class=\"has-custom-couleur-4-color has-text-color has-small-font-size\">by<\/p>\n\n\n<\/div>\n<\/div>\n<\/div><\/div>\n\n<\/li><\/ul><\/div>\n<\/div>\n\n\n\n<div class=\"wp-block-column is-layout-flow wp-block-column-is-layout-flow\" style=\"flex-basis:40%\">\n<div class=\"wp-block-query is-layout-flow wp-block-query-is-layout-flow\"><ul class=\"wp-block-post-template is-layout-flow wp-container-core-post-template-is-layout-6b084be1 wp-block-post-template-is-layout-flow\"><li class=\"wp-block-post post-142 film type-film status-publish has-post-thumbnail hentry categorie_film-action categorie_film-drame categorie_film-historique\">\n<figure style=\"aspect-ratio:2\/3;\" class=\"wp-block-post-featured-image\"><a href=\"https:\/\/1424725.cpsw-fcsei.com\/synthese\/film\/dunkerque\/\" target=\"_self\"  ><img loading=\"lazy\" decoding=\"async\" width=\"1080\" height=\"1920\" src=\"https:\/\/1424725.cpsw-fcsei.com\/synthese\/wp-content\/uploads\/2024\/05\/peakpx-2.jpg\" class=\"attachment-post-thumbnail size-post-thumbnail wp-post-image\" alt=\"Dunkerque\" style=\"width:100%;height:100%;object-fit:cover;\" \/><\/a><\/figure>\n\n\n<div style=\"height:5px\" aria-hidden=\"true\" class=\"wp-block-spacer\"><\/div>\n\n\n\n<div class=\"wp-block-group is-vertical is-nowrap is-layout-flex wp-container-core-group-is-layout-9bc6ff26 wp-block-group-is-layout-flex\"><h3 class=\"wp-block-post-title has-large-font-size\"><a href=\"https:\/\/1424725.cpsw-fcsei.com\/synthese\/film\/dunkerque\/\" target=\"_self\" >Dunkerque<\/a><\/h3>\n\n<div class=\"wp-block-post-excerpt has-small-font-size\"><p class=\"wp-block-post-excerpt__excerpt\">Entre le 26 mai et le 4 juin 1940, les plages de Dunkerque sont ravag\u00e9es par la guerre. Venus de&hellip; <\/p><\/div>\n\n<div class=\"wp-block-template-part\">\n<div class=\"wp-block-group has-global-padding is-layout-constrained wp-block-group-is-layout-constrained\">\n<div class=\"wp-block-group is-content-justification-left is-layout-flex wp-container-core-group-is-layout-dfe8e91f wp-block-group-is-layout-flex\"><div class=\"has-link-color wp-elements-864d56ec45f784be4f2483f11ede60c1 wp-block-post-date has-text-color has-custom-couleur-4-color\"><time datetime=\"2024-05-27T09:37:00-04:00\"><a href=\"https:\/\/1424725.cpsw-fcsei.com\/synthese\/film\/dunkerque\/\">May 27, 2024<\/a><\/time><\/div>\n\n\n<p class=\"has-custom-couleur-4-color has-text-color\">\u2014<\/p>\n\n\n\n<p class=\"has-custom-couleur-4-color has-text-color has-small-font-size\">by<\/p>\n\n\n<\/div>\n<\/div>\n<\/div><\/div>\n\n<\/li><\/ul><\/div>\n<\/div>\n<\/div>\n<\/div>\n\n\n\n<div class=\"wp-block-group alignwide #infolettre has-custom-couleur-4-background-color has-background has-global-padding is-layout-constrained wp-container-core-group-is-layout-9db24f05 wp-block-group-is-layout-constrained\" id=\"infolettre\" style=\"border-radius:20px;margin-top:var(--wp--preset--spacing--60);margin-bottom:0;padding-top:var(--wp--preset--spacing--30);padding-right:var(--wp--preset--spacing--30);padding-bottom:var(--wp--preset--spacing--30);padding-left:var(--wp--preset--spacing--30)\">\n<div class=\"wp-block-columns alignwide is-layout-flex wp-container-core-columns-is-layout-28f84493 wp-block-columns-is-layout-flex\">\n<div class=\"wp-block-column is-layout-flow wp-container-core-column-is-layout-f5bb311e wp-block-column-is-layout-flow\">\n<h2 class=\"wp-block-heading has-text-align-center has-custom-couleur-1-color has-text-color has-link-color wp-elements-2a863d93c15238715d41fa8bd26a70d1\"><strong>Infolettre<\/strong><\/h2>\n\n\n\n<p class=\"has-text-align-center has-custom-couleur-1-color has-text-color has-link-color wp-elements-dee123e195d363b5e88c47bca59c2327\" style=\"font-size:clamp(0.929rem, 0.929rem + ((1vw - 0.2rem) * 0.785), 1.4rem);\"><strong>Ne manquez aucune aucune information ou nouvelle sur votre r\u00e9alisateur favoris !<\/strong><\/p>\n\n\n\n<p class=\"has-text-align-center has-custom-couleur-1-color has-text-color has-link-color wp-elements-57db176d16df993de4545ae17e787068\" style=\"font-size:clamp(0.984rem, 0.984rem + ((1vw - 0.2rem) * 0.86), 1.5rem);\"><strong><em>Faites partie des fans !<\/em><\/strong><\/p>\n\n\n\n<div class=\"wp-block-buttons is-content-justification-center is-layout-flex wp-container-core-buttons-is-layout-a89b3969 wp-block-buttons-is-layout-flex\">\n<div class=\"wp-block-button has-custom-font-size is-style-fill has-medium-font-size\"><a class=\"wp-block-button__link has-custom-couleur-3-color has-custom-couleur-1-background-color has-text-color has-background has-link-color has-text-align-left wp-element-button\" style=\"border-style:none;border-width:0px\"><strong>Inscrivez vous !<\/strong><\/a><\/div>\n<\/div>\n<\/div>\n\n\n\n<div class=\"wp-block-column is-layout-flow wp-block-column-is-layout-flow\">\n<figure class=\"wp-block-image size-full has-custom-border wp-duotone-unset-4\"><img loading=\"lazy\" decoding=\"async\" width=\"2560\" height=\"1440\" src=\"http:\/\/localhost\/christopher_nolan\/wp-content\/uploads\/2024\/05\/wp1985277-christopher-nolan-wallpapers.jpg\" alt=\"\" class=\"wp-image-187\" style=\"border-radius:15px;aspect-ratio:4\/3;object-fit:cover\"\/><\/figure>\n<\/div>\n<\/div>\n<\/div>\n<h3>Le plus grand r\u00e9alisateur...<\/h3>","protected":false},"excerpt":{"rendered":"<p>Les films de science-fictions Les films historiques Infolettre Ne manquez aucune aucune information ou nouvelle sur votre r\u00e9alisateur favoris ! Faites partie des fans ! Le plus grand r\u00e9alisateur&#8230;<\/p>\n","protected":false},"author":1,"featured_media":0,"parent":0,"menu_order":0,"comment_status":"closed","ping_status":"closed","template":"","meta":{"_acf_changed":false,"footnotes":""},"class_list":["post-211","page","type-page","status-publish","hentry"],"acf":[],"_links":{"self":[{"href":"https:\/\/1424725.cpsw-fcsei.com\/synthese\/wp-json\/wp\/v2\/pages\/211","targetHints":{"allow":["GET"]}}],"collection":[{"href":"https:\/\/1424725.cpsw-fcsei.com\/synthese\/wp-json\/wp\/v2\/pages"}],"about":[{"href":"https:\/\/1424725.cpsw-fcsei.com\/synthese\/wp-json\/wp\/v2\/types\/page"}],"author":[{"embeddable":true,"href":"https:\/\/1424725.cpsw-fcsei.com\/synthese\/wp-json\/wp\/v2\/users\/1"}],"replies":[{"embeddable":true,"href":"https:\/\/1424725.cpsw-fcsei.com\/synthese\/wp-json\/wp\/v2\/comments?post=211"}],"version-history":[{"count":42,"href":"https:\/\/1424725.cpsw-fcsei.com\/synthese\/wp-json\/wp\/v2\/pages\/211\/revisions"}],"predecessor-version":[{"id":364,"href":"https:\/\/1424725.cpsw-fcsei.com\/synthese\/wp-json\/wp\/v2\/pages\/211\/revisions\/364"}],"wp:attachment":[{"href":"https:\/\/1424725.cpsw-fcsei.com\/synthese\/wp-json\/wp\/v2\/media?parent=211"}],"curies":[{"name":"wp","href":"https:\/\/api.w.org\/{rel}","templated":true}]}}