{"id":174,"date":"2024-04-22T09:34:56","date_gmt":"2024-04-22T13:34:56","guid":{"rendered":"http:\/\/localhost\/tp1\/?page_id=174"},"modified":"2024-04-28T18:30:22","modified_gmt":"2024-04-28T22:30:22","slug":"destiny-2-a-propos","status":"publish","type":"page","link":"https:\/\/1424725.cpsw-fcsei.com\/destiny\/destiny-2-a-propos\/","title":{"rendered":"Destiny 2 &#8211; \u00c0 propos"},"content":{"rendered":"\n<div class=\"wp-block-cover alignfull\" style=\"margin-top:0;padding-top:48px;padding-right:5vw;padding-bottom:48px;padding-left:5vw\"><span aria-hidden=\"true\" class=\"wp-block-cover__background has-background-dim wp-block-cover__gradient-background has-background-gradient\" style=\"background:linear-gradient(180deg,rgb(0,0,0) 39%,rgb(83,80,123) 39%)\"><\/span><img loading=\"lazy\" decoding=\"async\" width=\"2560\" height=\"1440\" class=\"wp-block-cover__image-background wp-image-279\" alt=\"\" src=\"https:\/\/1424725.cpsw-fcsei.com\/destiny\/wp-content\/uploads\/2024\/04\/destiny-2-beyond-light-2020-un-2560x1440-1.jpg\" data-object-fit=\"cover\"\/><div class=\"wp-block-cover__inner-container is-layout-flow wp-block-cover-is-layout-flow\">\n<div style=\"height:100px\" aria-hidden=\"true\" class=\"wp-block-spacer\"><\/div>\n\n\n\n<div class=\"wp-block-group is-content-justification-space-between is-layout-flex wp-container-core-group-is-layout-b04426d0 wp-block-group-is-layout-flex\">\n<div class=\"wp-block-group wp-container-content-9cfa9a5a is-layout-flow wp-container-core-group-is-layout-d6743c7d wp-block-group-is-layout-flow\">\n<p class=\"has-text-align-left propos has-custom-colour-1-color has-text-color has-link-color wp-elements-129bcc559b1afdc016f822229dc5c4de\" style=\"font-size:clamp(71.45px, 4.466rem + ((1vw - 3.2px) * 9.016), 158px);font-style:normal;font-weight:700;letter-spacing:-10px;line-height:0.7;text-transform:uppercase\">\u00c0 propos<\/p>\n<\/div>\n\n\n\n<div class=\"wp-block-group wp-container-content-9dbf05af is-layout-flow wp-container-core-group-is-layout-634f0b9d wp-block-group-is-layout-flow\">\n<div class=\"wp-block-group is-content-justification-right is-nowrap is-layout-flex wp-container-core-group-is-layout-f7496aeb wp-block-group-is-layout-flex\">\n<p class=\"has-custom-colour-1-color has-text-color has-link-color wp-elements-4e5b27836b1761810851d676e9c76246\" style=\"font-size:clamp(14px, 0.875rem + ((1vw - 3.2px) * 0.313), 17px);font-style:normal;font-weight:700;letter-spacing:0px;text-decoration:none;text-transform:uppercase\"><a href=\"https:\/\/1424725.cpsw-fcsei.com\/destiny\/destiny-2\/\" data-type=\"page\" data-id=\"158\">Nos services<\/a><\/p>\n\n\n\n<p class=\"has-white-color has-text-color has-link-color wp-elements-52a3a54845c90c33a14771d40b0c744d\" style=\"font-size:clamp(14px, 0.875rem + ((1vw - 3.2px) * 0.313), 17px);font-style:normal;font-weight:700;letter-spacing:0px;text-decoration:none;text-transform:uppercase\"><a href=\"#infolettre\" data-type=\"internal\" data-id=\"#infolettre\">Infolettre \u2192<\/a><\/p>\n<\/div>\n<\/div>\n<\/div>\n\n\n\n<div style=\"height:260px\" aria-hidden=\"true\" class=\"wp-block-spacer\"><\/div>\n<\/div><\/div>\n\n\n\n<div class=\"wp-block-group alignfull #equipe has-global-padding is-layout-constrained wp-container-core-group-is-layout-669513ed wp-block-group-is-layout-constrained\" id=\"equipe\" style=\"margin-top:0;margin-bottom:0;padding-top:var(--wp--preset--spacing--50);padding-right:var(--wp--preset--spacing--50);padding-bottom:var(--wp--preset--spacing--50);padding-left:var(--wp--preset--spacing--50)\">\n<div class=\"wp-block-group is-vertical is-content-justification-center is-layout-flex wp-container-core-group-is-layout-ce155fab wp-block-group-is-layout-flex\">\n<h2 class=\"wp-block-heading has-text-align-center has-xx-large-font-size\">Notre \u00e9quipe<\/h2>\n<\/div>\n\n\n\n<div style=\"height:var(--wp--preset--spacing--30)\" aria-hidden=\"true\" class=\"wp-block-spacer\"><\/div>\n\n\n\n<div class=\"wp-block-columns alignwide is-layout-flex wp-container-core-columns-is-layout-4935966c wp-block-columns-is-layout-flex\" style=\"padding-right:0;padding-left:0\">\n<div class=\"wp-block-column is-layout-flow wp-block-column-is-layout-flow\">\n<figure class=\"wp-block-image size-full is-style-rounded is-style-rounded--1\"><img loading=\"lazy\" decoding=\"async\" width=\"1095\" height=\"787\" src=\"https:\/\/1424725.cpsw-fcsei.com\/destiny\/wp-content\/uploads\/2024\/04\/56442.jpg\" alt=\"Voyageur\" class=\"wp-image-96\" style=\"aspect-ratio:1;object-fit:cover\"\/><\/figure>\n\n\n\n<div class=\"wp-block-group is-vertical is-content-justification-center is-nowrap is-layout-flex wp-container-core-group-is-layout-21d4e958 wp-block-group-is-layout-flex\">\n<p class=\"has-text-align-center has-small-font-size\"><strong>Le Voyageur<\/strong><\/p>\n\n\n\n<p class=\"has-text-align-center has-small-font-size\">Art\u00e9fact d&#8217;origine inconnue<\/p>\n<\/div>\n<\/div>\n\n\n\n<div class=\"wp-block-column is-layout-flow wp-block-column-is-layout-flow\">\n<figure class=\"wp-block-image size-full is-style-rounded is-style-rounded--2\"><img loading=\"lazy\" decoding=\"async\" width=\"2400\" height=\"1200\" src=\"https:\/\/1424725.cpsw-fcsei.com\/destiny\/wp-content\/uploads\/2024\/04\/cayde-1.avif\" alt=\"Chasseur\" class=\"wp-image-97\" style=\"aspect-ratio:1;object-fit:cover\"\/><\/figure>\n\n\n\n<div class=\"wp-block-group is-vertical is-content-justification-center is-nowrap is-layout-flex wp-container-core-group-is-layout-63bfd6c1 wp-block-group-is-layout-flex\">\n<p class=\"has-text-align-center has-small-font-size\"><strong>Cayde-6<\/strong><\/p>\n\n\n\n<p class=\"has-text-align-center has-small-font-size\">Chef des chasseurs<\/p>\n<\/div>\n<\/div>\n\n\n\n<div class=\"wp-block-column is-layout-flow wp-block-column-is-layout-flow\">\n<figure class=\"wp-block-image size-full is-style-rounded is-style-rounded--3\"><img loading=\"lazy\" decoding=\"async\" width=\"960\" height=\"540\" src=\"https:\/\/1424725.cpsw-fcsei.com\/destiny\/wp-content\/uploads\/2024\/04\/960x0.webp\" alt=\"Zavalla\" class=\"wp-image-95\" style=\"aspect-ratio:1;object-fit:cover\"\/><\/figure>\n\n\n\n<div class=\"wp-block-group is-vertical is-content-justification-center is-nowrap is-layout-flex wp-container-core-group-is-layout-63bfd6c1 wp-block-group-is-layout-flex\">\n<p class=\"has-text-align-center has-small-font-size\"><strong>Zavala<\/strong><\/p>\n\n\n\n<p class=\"has-text-align-center has-small-font-size\">Chef des titans<\/p>\n<\/div>\n<\/div>\n\n\n\n<div class=\"wp-block-column is-layout-flow wp-block-column-is-layout-flow\">\n<figure class=\"wp-block-image size-full is-style-rounded is-style-rounded--4\"><img loading=\"lazy\" decoding=\"async\" width=\"1920\" height=\"1080\" src=\"https:\/\/1424725.cpsw-fcsei.com\/destiny\/wp-content\/uploads\/2024\/04\/ikora-rey-destiny-2.jpg\" alt=\"Arcaniste\" class=\"wp-image-99\" style=\"aspect-ratio:1;object-fit:cover\"\/><\/figure>\n\n\n\n<div class=\"wp-block-group is-vertical is-content-justification-center is-nowrap is-layout-flex wp-container-core-group-is-layout-21d4e958 wp-block-group-is-layout-flex\">\n<p class=\"has-text-align-center has-small-font-size\"><strong>Ikora<\/strong><\/p>\n\n\n\n<p class=\"has-text-align-center has-small-font-size\">Chef des arcanistes<\/p>\n<\/div>\n<\/div>\n<\/div>\n<\/div>\n\n\n\n<div class=\"wp-block-group alignfull #mission has-global-padding is-layout-constrained wp-container-core-group-is-layout-d89aad35 wp-block-group-is-layout-constrained has-background\" id=\"mission\" style=\"min-height:500px;margin-top:0;margin-bottom:0;padding-top:var(--wp--preset--spacing--50);padding-right:var(--wp--preset--spacing--50);padding-bottom:var(--wp--preset--spacing--50);padding-left:var(--wp--preset--spacing--50);background-image:url(&apos;https:\/\/1424725.cpsw-fcsei.com\/destiny\/wp-content\/uploads\/2024\/04\/destiny-2-off-the-cliff-4k-h8.jpg&apos;);background-position:68% 27%;background-size:cover;\">\n<div class=\"wp-block-columns alignwide are-vertically-aligned-center is-layout-flex wp-container-core-columns-is-layout-10e30644 wp-block-columns-is-layout-flex\" style=\"margin-top:var(--wp--preset--spacing--20);margin-bottom:var(--wp--preset--spacing--20)\">\n<div class=\"wp-block-column is-vertically-aligned-center is-layout-flow wp-block-column-is-layout-flow\" style=\"flex-basis:50%\"><\/div>\n\n\n\n<div class=\"wp-block-column is-vertically-aligned-center has-background is-layout-flow wp-block-column-is-layout-flow\" style=\"border-style:none;border-width:0px;background-color:#091021ba;padding-top:var(--wp--preset--spacing--30);padding-right:var(--wp--preset--spacing--20);padding-bottom:var(--wp--preset--spacing--30);padding-left:var(--wp--preset--spacing--20);flex-basis:50%\">\n<h3 class=\"wp-block-heading\">Notre mission :<\/h3>\n\n\n\n<p>L&#8217;objectif est de trouver la meilleur classe, la meilleur doctrine et les meilleurs armes afin d&#8217;assurer la victoire du voyageur et de la lumi\u00e8re sur les t\u00e9n\u00e8bres.<\/p>\n<\/div>\n<\/div>\n<\/div>\n\n\n\n<div class=\"wp-block-group alignfull #infolettre has-global-padding is-layout-constrained wp-container-core-group-is-layout-d89aad35 wp-block-group-is-layout-constrained\" id=\"infolettre\" style=\"margin-top:0;margin-bottom:0;padding-top:var(--wp--preset--spacing--50);padding-right:var(--wp--preset--spacing--50);padding-bottom:var(--wp--preset--spacing--50);padding-left:var(--wp--preset--spacing--50)\">\n<div class=\"wp-block-group alignwide has-custom-colour-2-color has-custom-colour-5-background-color has-text-color has-background has-link-color wp-elements-87b8384c1e49bf2823d56cd468e9c2ab has-global-padding is-layout-constrained wp-container-core-group-is-layout-39412042 wp-block-group-is-layout-constrained\" style=\"border-radius:16px;padding-top:var(--wp--preset--spacing--40);padding-right:var(--wp--preset--spacing--50);padding-bottom:var(--wp--preset--spacing--40);padding-left:var(--wp--preset--spacing--50)\">\n<div style=\"height:var(--wp--preset--spacing--10)\" aria-hidden=\"true\" class=\"wp-block-spacer\"><\/div>\n\n\n\n<h2 class=\"wp-block-heading has-text-align-center has-custom-colour-2-color has-text-color has-link-color has-x-large-font-size wp-elements-bff83d4dcad294cf4baf20603dc00815\">Rejoignez plus de 40 000 gardiens !<\/h2>\n\n\n\n<p class=\"has-text-align-center\">Suivez nous et assurez vous les meilleurs \u00e9quipements.<\/p>\n\n\n\n<div class=\"wp-block-buttons is-content-justification-center is-layout-flex wp-container-core-buttons-is-layout-a89b3969 wp-block-buttons-is-layout-flex\">\n<div class=\"wp-block-button\"><a class=\"wp-block-button__link has-custom-colour-1-color has-custom-colour-2-background-color has-text-color has-background has-link-color wp-element-button\">S&#8217;inscrire<\/a><\/div>\n<\/div>\n<\/div>\n<\/div>\n<h3>Venez a bout des t\u00e9n\u00e8bres...<\/h3>","protected":false},"excerpt":{"rendered":"<p>Notre \u00e9quipe Le Voyageur Art\u00e9fact d&#8217;origine inconnue Cayde-6 Chef des chasseurs Zavala Chef des titans Ikora Chef des arcanistes Notre mission : L&#8217;objectif est de trouver la meilleur classe, la meilleur doctrine et les meilleurs armes afin d&#8217;assurer la victoire du voyageur et de la lumi\u00e8re sur les t\u00e9n\u00e8bres. Rejoignez plus de 40 000 gardiens [&hellip;]<\/p>\n","protected":false},"author":1,"featured_media":0,"parent":0,"menu_order":0,"comment_status":"closed","ping_status":"closed","template":"","meta":{"_acf_changed":false,"footnotes":""},"class_list":["post-174","page","type-page","status-publish","hentry"],"acf":[],"_links":{"self":[{"href":"https:\/\/1424725.cpsw-fcsei.com\/destiny\/wp-json\/wp\/v2\/pages\/174","targetHints":{"allow":["GET"]}}],"collection":[{"href":"https:\/\/1424725.cpsw-fcsei.com\/destiny\/wp-json\/wp\/v2\/pages"}],"about":[{"href":"https:\/\/1424725.cpsw-fcsei.com\/destiny\/wp-json\/wp\/v2\/types\/page"}],"author":[{"embeddable":true,"href":"https:\/\/1424725.cpsw-fcsei.com\/destiny\/wp-json\/wp\/v2\/users\/1"}],"replies":[{"embeddable":true,"href":"https:\/\/1424725.cpsw-fcsei.com\/destiny\/wp-json\/wp\/v2\/comments?post=174"}],"version-history":[{"count":17,"href":"https:\/\/1424725.cpsw-fcsei.com\/destiny\/wp-json\/wp\/v2\/pages\/174\/revisions"}],"predecessor-version":[{"id":331,"href":"https:\/\/1424725.cpsw-fcsei.com\/destiny\/wp-json\/wp\/v2\/pages\/174\/revisions\/331"}],"wp:attachment":[{"href":"https:\/\/1424725.cpsw-fcsei.com\/destiny\/wp-json\/wp\/v2\/media?parent=174"}],"curies":[{"name":"wp","href":"https:\/\/api.w.org\/{rel}","templated":true}]}}