{"id":13,"date":"2024-04-12T09:36:28","date_gmt":"2024-04-12T13:36:28","guid":{"rendered":"http:\/\/localhost\/Wordpress_tp1\/?page_id=13"},"modified":"2024-05-31T12:44:50","modified_gmt":"2024-05-31T16:44:50","slug":"13-2","status":"publish","type":"page","link":"https:\/\/1424725.cpsw-fcsei.com\/destiny\/","title":{"rendered":"Destiny 2"},"content":{"rendered":"\n<div class=\"wp-block-group alignfull #accueil has-accent-5-background-color has-background has-global-padding is-layout-constrained wp-container-core-group-is-layout-1131b0e3 wp-block-group-is-layout-constrained\" id=\"accueil\" style=\"margin-top:0;margin-bottom:0;padding-top:var(--wp--preset--spacing--60);padding-right:var(--wp--preset--spacing--30);padding-bottom:var(--wp--preset--spacing--60);padding-left:var(--wp--preset--spacing--30);background-image:url(&apos;https:\/\/1424725.cpsw-fcsei.com\/destiny\/wp-content\/uploads\/2024\/04\/Destiny2-4k-5.jpg&apos;);background-size:cover;\">\n<div class=\"wp-block-columns alignwide is-layout-flex wp-container-core-columns-is-layout-1da03c2a wp-block-columns-is-layout-flex\">\n<div class=\"wp-block-column is-layout-flow wp-block-column-is-layout-flow\" style=\"padding-top:0;padding-right:0;padding-bottom:0;padding-left:0;flex-basis:40%\">\n<h2 class=\"wp-block-heading principal has-custom-colour-2-color has-text-color has-link-color wp-elements-8d7ff029e8e0e1cb403df87d06614924\">Bienvenue dans un monde de lumi\u00e8res et t\u00e9n\u00e8bres.<\/h2>\n\n\n\n<p class=\"par has-custom-colour-2-color has-text-color has-link-color wp-elements-79e619b58772cb5e7fde7e1ac0f30196\">Le voyageur est en danger. Les t\u00e9n\u00e8bres veulent s&#8217;accaparer sa puissance et les gardiens se doivent de le d\u00e9fendre. Choisissez avec nous la classe parfaite pour combattre les t\u00e9n\u00e8bres.<\/p>\n\n\n\n<div class=\"wp-block-buttons bouton is-layout-flex wp-block-buttons-is-layout-flex\">\n<div class=\"wp-block-button has-custom-font-size has-medium-font-size\"><a class=\"wp-block-button__link has-custom-colour-1-color has-custom-colour-2-background-color has-text-color has-background has-link-color wp-element-button\" href=\"https:\/\/1424725.cpsw-fcsei.com\/destiny\/destiny-2\/\">Voir nos services<\/a><\/div>\n\n\n\n<div class=\"wp-block-button has-custom-font-size has-medium-font-size\"><a class=\"wp-block-button__link has-custom-colour-1-color has-custom-colour-2-background-color has-text-color has-background has-link-color wp-element-button\" href=\"#infolettre\">S&#8217;abonner<\/a><\/div>\n<\/div>\n<\/div>\n<\/div>\n<\/div>\n\n\n\n<div class=\"wp-block-group alignfull has-custom-colour-2-background-color has-text-color has-background is-layout-flow wp-block-group-is-layout-flow\" style=\"color:#ffffff;padding-top:100px;padding-right:100px;padding-bottom:100px;padding-left:100px\">\n<h2 class=\"wp-block-heading has-text-align-center\">Custom posts R\u00e9cents<\/h2>\n\n\n\n<div class=\"wp-block-group alignfull has-global-padding is-layout-constrained wp-container-core-group-is-layout-d89aad35 wp-block-group-is-layout-constrained\" style=\"margin-top:0;margin-bottom:0;padding-top:var(--wp--preset--spacing--50);padding-right:var(--wp--preset--spacing--50);padding-bottom:var(--wp--preset--spacing--50);padding-left:var(--wp--preset--spacing--50)\">\n<div class=\"wp-block-group alignfull has-global-padding is-layout-constrained wp-block-group-is-layout-constrained\">\n<div class=\"wp-block-query alignfull is-layout-flow wp-block-query-is-layout-flow\"><ul class=\"wp-block-post-template is-layout-flow wp-block-post-template-is-layout-flow\"><li class=\"wp-block-post post-351 arme type-arme status-publish has-post-thumbnail hentry type_arme-revolver\">\n\n<hr class=\"wp-block-separator has-text-color has-contrast-3-color has-alpha-channel-opacity has-contrast-3-background-color has-background alignwide is-style-wide\"\/>\n\n\n\n<div class=\"wp-block-columns alignwide are-vertically-aligned-center is-layout-flex wp-container-core-columns-is-layout-33233fb6 wp-block-columns-is-layout-flex\" style=\"margin-top:var(--wp--preset--spacing--20);margin-bottom:var(--wp--preset--spacing--20)\">\n<div class=\"wp-block-column is-vertically-aligned-center is-layout-flow wp-block-column-is-layout-flow\" style=\"flex-basis:72%\"><h2 style=\"font-size:clamp(0.984rem, 0.984rem + ((1vw - 0.2rem) * 0.86), 1.5rem);line-height:1.1;\" class=\"wp-block-post-title\"><a href=\"https:\/\/1424725.cpsw-fcsei.com\/destiny\/arme\/lumina\/\" target=\"_self\" >Lumina<\/a><\/h2><\/div>\n\n\n\n<div class=\"wp-block-column is-vertically-aligned-center is-layout-flow wp-block-column-is-layout-flow\" style=\"flex-basis:28%\"><div class=\"wp-block-template-part\">\n\n<div class=\"wp-block-group has-global-padding is-layout-constrained wp-block-group-is-layout-constrained\">\n\t\n\t<div class=\"wp-block-group is-content-justification-left is-layout-flex wp-container-core-group-is-layout-dfe8e91f wp-block-group-is-layout-flex\">\n\t\t<div class=\"wp-block-post-date\"><time datetime=\"2024-05-09T16:37:11-04:00\"><a href=\"https:\/\/1424725.cpsw-fcsei.com\/destiny\/arme\/lumina\/\">May 9, 2024<\/a><\/time><\/div>\n\n\t\t\n\t\t<p class=\"has-contrast-2-color has-text-color\">\u2014<\/p>\n\t\t\n\n\t\t\n\t\t<p class=\"has-small-font-size has-contrast-2-color has-text-color\">by<\/p>\n\t\t\n\n\t\t\n\n\t\t\n\n\t<\/div>\n\t\n<\/div>\n\n\n<\/div><\/div>\n<\/div>\n\n<\/li><li class=\"wp-block-post post-349 arme type-arme status-publish has-post-thumbnail hentry type_arme-revolver\">\n\n<hr class=\"wp-block-separator has-text-color has-contrast-3-color has-alpha-channel-opacity has-contrast-3-background-color has-background alignwide is-style-wide\"\/>\n\n\n\n<div class=\"wp-block-columns alignwide are-vertically-aligned-center is-layout-flex wp-container-core-columns-is-layout-33233fb6 wp-block-columns-is-layout-flex\" style=\"margin-top:var(--wp--preset--spacing--20);margin-bottom:var(--wp--preset--spacing--20)\">\n<div class=\"wp-block-column is-vertically-aligned-center is-layout-flow wp-block-column-is-layout-flow\" style=\"flex-basis:72%\"><h2 style=\"font-size:clamp(0.984rem, 0.984rem + ((1vw - 0.2rem) * 0.86), 1.5rem);line-height:1.1;\" class=\"wp-block-post-title\"><a href=\"https:\/\/1424725.cpsw-fcsei.com\/destiny\/arme\/chardon\/\" target=\"_self\" >Chardon<\/a><\/h2><\/div>\n\n\n\n<div class=\"wp-block-column is-vertically-aligned-center is-layout-flow wp-block-column-is-layout-flow\" style=\"flex-basis:28%\"><div class=\"wp-block-template-part\">\n\n<div class=\"wp-block-group has-global-padding is-layout-constrained wp-block-group-is-layout-constrained\">\n\t\n\t<div class=\"wp-block-group is-content-justification-left is-layout-flex wp-container-core-group-is-layout-dfe8e91f wp-block-group-is-layout-flex\">\n\t\t<div class=\"wp-block-post-date\"><time datetime=\"2024-05-09T16:24:28-04:00\"><a href=\"https:\/\/1424725.cpsw-fcsei.com\/destiny\/arme\/chardon\/\">May 9, 2024<\/a><\/time><\/div>\n\n\t\t\n\t\t<p class=\"has-contrast-2-color has-text-color\">\u2014<\/p>\n\t\t\n\n\t\t\n\t\t<p class=\"has-small-font-size has-contrast-2-color has-text-color\">by<\/p>\n\t\t\n\n\t\t\n\n\t\t\n\n\t<\/div>\n\t\n<\/div>\n\n\n<\/div><\/div>\n<\/div>\n\n<\/li><li class=\"wp-block-post post-339 arme type-arme status-publish has-post-thumbnail hentry type_arme-revolver\">\n\n<hr class=\"wp-block-separator has-text-color has-contrast-3-color has-alpha-channel-opacity has-contrast-3-background-color has-background alignwide is-style-wide\"\/>\n\n\n\n<div class=\"wp-block-columns alignwide are-vertically-aligned-center is-layout-flex wp-container-core-columns-is-layout-33233fb6 wp-block-columns-is-layout-flex\" style=\"margin-top:var(--wp--preset--spacing--20);margin-bottom:var(--wp--preset--spacing--20)\">\n<div class=\"wp-block-column is-vertically-aligned-center is-layout-flow wp-block-column-is-layout-flow\" style=\"flex-basis:72%\"><h2 style=\"font-size:clamp(0.984rem, 0.984rem + ((1vw - 0.2rem) * 0.86), 1.5rem);line-height:1.1;\" class=\"wp-block-post-title\"><a href=\"https:\/\/1424725.cpsw-fcsei.com\/destiny\/arme\/coup-de-minuit\/\" target=\"_self\" >Coup de minuit<\/a><\/h2><\/div>\n\n\n\n<div class=\"wp-block-column is-vertically-aligned-center is-layout-flow wp-block-column-is-layout-flow\" style=\"flex-basis:28%\"><div class=\"wp-block-template-part\">\n\n<div class=\"wp-block-group has-global-padding is-layout-constrained wp-block-group-is-layout-constrained\">\n\t\n\t<div class=\"wp-block-group is-content-justification-left is-layout-flex wp-container-core-group-is-layout-dfe8e91f wp-block-group-is-layout-flex\">\n\t\t<div class=\"wp-block-post-date\"><time datetime=\"2024-05-09T15:24:29-04:00\"><a href=\"https:\/\/1424725.cpsw-fcsei.com\/destiny\/arme\/coup-de-minuit\/\">May 9, 2024<\/a><\/time><\/div>\n\n\t\t\n\t\t<p class=\"has-contrast-2-color has-text-color\">\u2014<\/p>\n\t\t\n\n\t\t\n\t\t<p class=\"has-small-font-size has-contrast-2-color has-text-color\">by<\/p>\n\t\t\n\n\t\t\n\n\t\t\n\n\t<\/div>\n\t\n<\/div>\n\n\n<\/div><\/div>\n<\/div>\n\n<\/li><\/ul><\/div>\n<\/div>\n<\/div>\n<\/div>\n\n\n\n<div class=\"wp-block-group alignfull #evaluation has-global-padding is-layout-constrained wp-block-group-is-layout-constrained\" id=\"evaluation\" style=\"padding-top:var(--wp--preset--spacing--20)\">\n<h2 class=\"wp-block-heading has-text-align-center is-style-default\" style=\"padding-top:var(--wp--preset--spacing--20);padding-bottom:var(--wp--preset--spacing--20)\">Services r\u00e9cents<\/h2>\n\n\n\n<div class=\"wp-block-query alignwide is-layout-flow wp-block-query-is-layout-flow\">\n<div class=\"wp-block-group has-global-padding is-layout-constrained wp-container-core-group-is-layout-41d3368b wp-block-group-is-layout-constrained\" style=\"margin-top:0;margin-bottom:0;padding-top:0;padding-right:0;padding-bottom:var(--wp--preset--spacing--20);padding-left:0\"><ul class=\"columns-3 alignfull wp-block-post-template is-layout-grid wp-container-core-post-template-is-layout-10753265 wp-block-post-template-is-layout-grid\"><li class=\"wp-block-post post-242 post type-post status-publish format-standard has-post-thumbnail hentry category-services tag-armes\">\n<figure style=\"aspect-ratio:4\/3; padding-bottom:0;padding-left:0;padding-right:0;margin-bottom:0;\" class=\"wp-block-post-featured-image\"><a href=\"https:\/\/1424725.cpsw-fcsei.com\/destiny\/2024\/04\/22\/les-meilleurs-revolver-du-jeu\/\" target=\"_self\"  ><img loading=\"lazy\" decoding=\"async\" width=\"1920\" height=\"1080\" src=\"https:\/\/1424725.cpsw-fcsei.com\/destiny\/wp-content\/uploads\/2024\/04\/3512014804.jpg\" class=\"attachment-post-thumbnail size-post-thumbnail wp-post-image\" alt=\"Les meilleurs revolver du jeu !\" style=\"width:100%;height:100%;object-fit:cover;\" \/><\/a><\/figure>\n\n\n<div class=\"wp-block-group is-vertical is-layout-flex wp-container-core-group-is-layout-fcb15db0 wp-block-group-is-layout-flex\" style=\"border-style:none;border-width:0px;border-radius:0px;margin-top:var(--wp--preset--spacing--20);padding-top:0\"><h2 class=\"has-link-color wp-elements-c7b3949ebe1879cdf4e492dba62ad5ca wp-block-post-title has-text-color has-custom-colour-5-color has-large-font-size wp-container-content-32e3a40d\"><a href=\"https:\/\/1424725.cpsw-fcsei.com\/destiny\/2024\/04\/22\/les-meilleurs-revolver-du-jeu\/\" target=\"_self\" >Les meilleurs revolver du jeu !<\/a><\/h2>\n\n\n\n<div class=\"has-link-color wp-elements-fd99e865dadb14bbbd616eb518fba866 wp-block-post-excerpt has-text-color has-custom-colour-1-color has-small-font-size wp-container-content-32e3a40d\"><p class=\"wp-block-post-excerpt__excerpt\">Les canons \u00e0 main sont au sommet de la m\u00e9ta PvP depuis les premiers jours de Destiny 1. 8 ans&hellip;<\/p><p class=\"wp-block-post-excerpt__more-text\"><a class=\"wp-block-post-excerpt__more-link\" href=\"https:\/\/1424725.cpsw-fcsei.com\/destiny\/2024\/04\/22\/les-meilleurs-revolver-du-jeu\/\">Lire plus \u2026<\/a><\/p><\/div>\n\n\n<div style=\"height:0px\" aria-hidden=\"true\" class=\"wp-block-spacer wp-container-content-32e3a40d\"><\/div>\n<\/div>\n\n<\/li><li class=\"wp-block-post post-236 post type-post status-publish format-standard has-post-thumbnail hentry category-services category-services_vedettes tag-armures tag-doctrines tag-titan\">\n<figure style=\"aspect-ratio:4\/3; padding-bottom:0;padding-left:0;padding-right:0;margin-bottom:0;\" class=\"wp-block-post-featured-image\"><a href=\"https:\/\/1424725.cpsw-fcsei.com\/destiny\/2024\/04\/22\/build-titan-le-dieu-de-la-guerre\/\" target=\"_self\"  ><img loading=\"lazy\" decoding=\"async\" width=\"1080\" height=\"608\" src=\"https:\/\/1424725.cpsw-fcsei.com\/destiny\/wp-content\/uploads\/2024\/04\/Titan-Strand-featured-3-Destiny-2-1080x608-1.jpg\" class=\"attachment-post-thumbnail size-post-thumbnail wp-post-image\" alt=\"Build titan : Le dieu de la guerre !\" style=\"width:100%;height:100%;object-fit:cover;\" \/><\/a><\/figure>\n\n\n<div class=\"wp-block-group is-vertical is-layout-flex wp-container-core-group-is-layout-fcb15db0 wp-block-group-is-layout-flex\" style=\"border-style:none;border-width:0px;border-radius:0px;margin-top:var(--wp--preset--spacing--20);padding-top:0\"><h2 class=\"has-link-color wp-elements-c7b3949ebe1879cdf4e492dba62ad5ca wp-block-post-title has-text-color has-custom-colour-5-color has-large-font-size wp-container-content-32e3a40d\"><a href=\"https:\/\/1424725.cpsw-fcsei.com\/destiny\/2024\/04\/22\/build-titan-le-dieu-de-la-guerre\/\" target=\"_self\" >Build titan : Le dieu de la guerre !<\/a><\/h2>\n\n\n\n<div class=\"has-link-color wp-elements-fd99e865dadb14bbbd616eb518fba866 wp-block-post-excerpt has-text-color has-custom-colour-1-color has-small-font-size wp-container-content-32e3a40d\"><p class=\"wp-block-post-excerpt__excerpt\">a boucle de jeu pour cette version est assez simple mais pr\u00e9sente de l\u00e9g\u00e8res modifications en fonction de l&#8217;exotisme utilis\u00e9.&hellip;<\/p><p class=\"wp-block-post-excerpt__more-text\"><a class=\"wp-block-post-excerpt__more-link\" href=\"https:\/\/1424725.cpsw-fcsei.com\/destiny\/2024\/04\/22\/build-titan-le-dieu-de-la-guerre\/\">Lire plus \u2026<\/a><\/p><\/div>\n\n\n<div style=\"height:0px\" aria-hidden=\"true\" class=\"wp-block-spacer wp-container-content-32e3a40d\"><\/div>\n<\/div>\n\n<\/li><li class=\"wp-block-post post-234 post type-post status-publish format-standard has-post-thumbnail hentry category-services tag-chasseur tag-doctrines\">\n<figure style=\"aspect-ratio:4\/3; padding-bottom:0;padding-left:0;padding-right:0;margin-bottom:0;\" class=\"wp-block-post-featured-image\"><a href=\"https:\/\/1424725.cpsw-fcsei.com\/destiny\/2024\/04\/22\/build-chasseur-lassassin-radiant-2\/\" target=\"_self\"  ><img loading=\"lazy\" decoding=\"async\" width=\"1920\" height=\"1080\" src=\"https:\/\/1424725.cpsw-fcsei.com\/destiny\/wp-content\/uploads\/2024\/04\/Solar-Hunter-Featured-Destiny-2.jpg\" class=\"attachment-post-thumbnail size-post-thumbnail wp-post-image\" alt=\"Build chasseur : l&#8217;assassin radiant !\" style=\"width:100%;height:100%;object-fit:cover;\" \/><\/a><\/figure>\n\n\n<div class=\"wp-block-group is-vertical is-layout-flex wp-container-core-group-is-layout-fcb15db0 wp-block-group-is-layout-flex\" style=\"border-style:none;border-width:0px;border-radius:0px;margin-top:var(--wp--preset--spacing--20);padding-top:0\"><h2 class=\"has-link-color wp-elements-c7b3949ebe1879cdf4e492dba62ad5ca wp-block-post-title has-text-color has-custom-colour-5-color has-large-font-size wp-container-content-32e3a40d\"><a href=\"https:\/\/1424725.cpsw-fcsei.com\/destiny\/2024\/04\/22\/build-chasseur-lassassin-radiant-2\/\" target=\"_self\" >Build chasseur : l&#8217;assassin radiant !<\/a><\/h2>\n\n\n\n<div class=\"has-link-color wp-elements-fd99e865dadb14bbbd616eb518fba866 wp-block-post-excerpt has-text-color has-custom-colour-1-color has-small-font-size wp-container-content-32e3a40d\"><p class=\"wp-block-post-excerpt__excerpt\">La boucle de gameplay est assez simple avec la capuche d&#8217;assassin. Le but est d\u2019encha\u00eener les kills&nbsp;de Knife Trick&nbsp;pour assurer&hellip;<\/p><p class=\"wp-block-post-excerpt__more-text\"><a class=\"wp-block-post-excerpt__more-link\" href=\"https:\/\/1424725.cpsw-fcsei.com\/destiny\/2024\/04\/22\/build-chasseur-lassassin-radiant-2\/\">Lire plus \u2026<\/a><\/p><\/div>\n\n\n<div style=\"height:0px\" aria-hidden=\"true\" class=\"wp-block-spacer wp-container-content-32e3a40d\"><\/div>\n<\/div>\n\n<\/li><\/ul><\/div>\n<\/div>\n<\/div>\n\n\n\n<div class=\"wp-block-group alignfull #infolettre has-global-padding is-layout-constrained wp-container-core-group-is-layout-d89aad35 wp-block-group-is-layout-constrained\" id=\"infolettre\" style=\"margin-top:0;margin-bottom:0;padding-top:var(--wp--preset--spacing--50);padding-right:var(--wp--preset--spacing--50);padding-bottom:var(--wp--preset--spacing--50);padding-left:var(--wp--preset--spacing--50)\">\n<div class=\"wp-block-group alignwide has-custom-colour-2-color has-custom-colour-5-background-color has-text-color has-background has-link-color wp-elements-87b8384c1e49bf2823d56cd468e9c2ab has-global-padding is-layout-constrained wp-container-core-group-is-layout-39412042 wp-block-group-is-layout-constrained\" style=\"border-radius:16px;padding-top:var(--wp--preset--spacing--40);padding-right:var(--wp--preset--spacing--50);padding-bottom:var(--wp--preset--spacing--40);padding-left:var(--wp--preset--spacing--50)\">\n<div style=\"height:var(--wp--preset--spacing--10)\" aria-hidden=\"true\" class=\"wp-block-spacer\"><\/div>\n\n\n\n<h2 class=\"wp-block-heading has-text-align-center has-custom-colour-2-color has-text-color has-link-color has-x-large-font-size wp-elements-bff83d4dcad294cf4baf20603dc00815\">Rejoignez plus de 40 000 gardiens !<\/h2>\n\n\n\n<p class=\"has-text-align-center\">Suivez nous et assurez vous les meilleurs \u00e9quipements.<\/p>\n\n\n\n<div class=\"wp-block-buttons is-content-justification-center is-layout-flex wp-container-core-buttons-is-layout-a89b3969 wp-block-buttons-is-layout-flex\">\n<div class=\"wp-block-button\"><a class=\"wp-block-button__link has-custom-colour-1-color has-custom-colour-2-background-color has-text-color has-background has-link-color wp-element-button\">S&#8217;inscrire<\/a><\/div>\n<\/div>\n<\/div>\n<\/div>\n<h3>Venez a bout des t\u00e9n\u00e8bres...<\/h3>","protected":false},"excerpt":{"rendered":"<p>Bienvenue dans un monde de lumi\u00e8res et t\u00e9n\u00e8bres. Le voyageur est en danger. Les t\u00e9n\u00e8bres veulent s&#8217;accaparer sa puissance et les gardiens se doivent de le d\u00e9fendre. Choisissez avec nous la classe parfaite pour combattre les t\u00e9n\u00e8bres. Custom posts R\u00e9cents Services r\u00e9cents Rejoignez plus de 40 000 gardiens ! Suivez nous et assurez vous les [&hellip;]<\/p>\n","protected":false},"author":1,"featured_media":0,"parent":0,"menu_order":0,"comment_status":"closed","ping_status":"closed","template":"","meta":{"_acf_changed":false,"footnotes":""},"class_list":["post-13","page","type-page","status-publish","hentry"],"acf":[],"_links":{"self":[{"href":"https:\/\/1424725.cpsw-fcsei.com\/destiny\/wp-json\/wp\/v2\/pages\/13","targetHints":{"allow":["GET"]}}],"collection":[{"href":"https:\/\/1424725.cpsw-fcsei.com\/destiny\/wp-json\/wp\/v2\/pages"}],"about":[{"href":"https:\/\/1424725.cpsw-fcsei.com\/destiny\/wp-json\/wp\/v2\/types\/page"}],"author":[{"embeddable":true,"href":"https:\/\/1424725.cpsw-fcsei.com\/destiny\/wp-json\/wp\/v2\/users\/1"}],"replies":[{"embeddable":true,"href":"https:\/\/1424725.cpsw-fcsei.com\/destiny\/wp-json\/wp\/v2\/comments?post=13"}],"version-history":[{"count":72,"href":"https:\/\/1424725.cpsw-fcsei.com\/destiny\/wp-json\/wp\/v2\/pages\/13\/revisions"}],"predecessor-version":[{"id":358,"href":"https:\/\/1424725.cpsw-fcsei.com\/destiny\/wp-json\/wp\/v2\/pages\/13\/revisions\/358"}],"wp:attachment":[{"href":"https:\/\/1424725.cpsw-fcsei.com\/destiny\/wp-json\/wp\/v2\/media?parent=13"}],"curies":[{"name":"wp","href":"https:\/\/api.w.org\/{rel}","templated":true}]}}